{"id":2950,"date":"2020-06-17T11:21:50","date_gmt":"2020-06-17T11:21:50","guid":{"rendered":"https:\/\/expert-orthodontist.com\/politica-de-privacidad\/"},"modified":"2025-02-28T23:14:53","modified_gmt":"2025-02-28T23:14:53","slug":"politica-de-privacidad","status":"publish","type":"page","link":"https:\/\/expert-orthodontist.com\/es\/politica-de-privacidad\/","title":{"rendered":"Pol\u00edtica de privacidad"},"content":{"rendered":"\t\t<div data-elementor-type=\"wp-page\" data-elementor-id=\"2950\" class=\"elementor elementor-2950 elementor-1445\">\n\t\t\t\t<div class=\"elementor-element elementor-element-14da7614 e-flex e-con-boxed e-con e-parent\" data-id=\"14da7614\" data-element_type=\"container\" data-e-type=\"container\">\n\t\t\t\t\t<div class=\"e-con-inner\">\n\t\t\t\t<div class=\"elementor-element elementor-element-5353b06 elementor-widget elementor-widget-spacer\" data-id=\"5353b06\" data-element_type=\"widget\" data-e-type=\"widget\" data-widget_type=\"spacer.default\">\n\t\t\t\t<div class=\"elementor-widget-container\">\n\t\t\t\t\t\t\t<div class=\"elementor-spacer\">\n\t\t\t<div class=\"elementor-spacer-inner\"><\/div>\n\t\t<\/div>\n\t\t\t\t\t\t<\/div>\n\t\t\t\t<\/div>\n\t\t\t\t<div class=\"elementor-element elementor-element-5a0cd513 elementor-widget elementor-widget-text-editor\" data-id=\"5a0cd513\" data-element_type=\"widget\" data-e-type=\"widget\" data-widget_type=\"text-editor.default\">\n\t\t\t\t<div class=\"elementor-widget-container\">\n\t\t\t\t\t\t\t\t\t\n<p>Este es el sitio web de Alborzi Orthodontics de San Mateo y Half Moon Bay, California (CA).<\/p>\n<p>Nuestras direcciones postales son:<\/p>\n<p>Alborzi Ortodoncia<br>235 N. Mateo Dr. #300<br>San Mateo, Dr. 94401<\/p>\n<p>Alborzi Ortodoncia<br>705 Purissma St.<br>Half Moon Bay, CA 94019<\/p>\n<p>Puede comunicarse con nosotros por correo electr\u00f3nico a Info@alborziorthodontics.com o puede comunicarse con nosotros por tel\u00e9fono al (650) 850-5371.<\/p>\n<p>Para cada visitante de nuestra p\u00e1gina web, nuestro servidor web no reconoce autom\u00e1ticamente ninguna informaci\u00f3n sobre el dominio o la direcci\u00f3n de correo electr\u00f3nico.<\/p>\n<p>No recopilamos informaci\u00f3n sobre los consumidores que navegan por nuestra p\u00e1gina web.<\/p>\n<p>La informaci\u00f3n que recopilamos se utiliza para revisi\u00f3n interna y luego se destruye.<\/p>\n<p>Con respecto a las cookies: utilizamos cookies para registrar la actividad pasada en un sitio con el fin de brindar un mejor servicio cuando los visitantes regresan a nuestro sitio.<br>Si no desea recibir correos electr\u00f3nicos nuestros en el futuro, h\u00e1ganoslo saber envi\u00e1ndonos un correo electr\u00f3nico a la direcci\u00f3n anterior.<\/p>\n<p>Con respecto a los servidores de anuncios: no nos asociamos ni tenemos relaciones especiales con ninguna empresa de servidores de anuncios.<\/p>\n<p>Con respecto a la seguridad: Contamos con medidas de seguridad apropiadas en nuestras instalaciones f\u00edsicas para proteger contra la p\u00e9rdida, mal uso o alteraci\u00f3n de la informaci\u00f3n que hemos recopilado de usted en nuestro sitio.<\/p>\n<p>El sitio web de AdRoll utiliza cookies, p\u00edxeles de seguimiento y tecnolog\u00edas relacionadas. Las cookies son peque\u00f1os archivos de datos que son servidos por nuestra plataforma y almacenados en tu dispositivo. Nuestro sitio utiliza cookies propias o de terceros para diversos fines, como el funcionamiento y la personalizaci\u00f3n del sitio web. Adem\u00e1s, las cookies tambi\u00e9n pueden utilizarse para rastrear c\u00f3mo utilizas el sitio y as\u00ed dirigirte anuncios en otros sitios web. Todos los datos recogidos est\u00e1n protegidos.<\/p>\n<p>Al visitar este sitio, terceros (como AdRoll) pueden colocar cookies en los navegadores de los usuarios con fines de publicidad dirigida.<\/p>\n<p>Una descripci\u00f3n de los tipos de datos (por ejemplo, direcciones IP, identificadores de cookies, actividad del sitio web) que se recogen para la publicidad dirigida.<\/p>\n<p>Que estos datos pueden ser utilizados por terceros (como AdRoll) para dirigir publicidad en otros sitios basada en la actividad online de tus usuarios.<\/p>\n<p>Si crees que este sitio no sigue su pol\u00edtica de informaci\u00f3n declarada, puedes ponerte en contacto con nosotros en las direcciones o el n\u00famero de tel\u00e9fono indicados anteriormente.<\/p>\n\t\t\t\t\t\t\t\t<\/div>\n\t\t\t\t<\/div>\n\t\t\t\t<div class=\"elementor-element elementor-element-d6e4e2c elementor-widget elementor-widget-spacer\" data-id=\"d6e4e2c\" data-element_type=\"widget\" data-e-type=\"widget\" data-widget_type=\"spacer.default\">\n\t\t\t\t<div class=\"elementor-widget-container\">\n\t\t\t\t\t\t\t<div class=\"elementor-spacer\">\n\t\t\t<div class=\"elementor-spacer-inner\"><\/div>\n\t\t<\/div>\n\t\t\t\t\t\t<\/div>\n\t\t\t\t<\/div>\n\t\t\t\t\t<\/div>\n\t\t\t\t<\/div>\n\t\t\t\t<\/div>\n\t\t","protected":false},"excerpt":{"rendered":"<p>Este es el sitio web de Alborzi Orthodontics de San Mateo y Half Moon Bay, California (CA). Nuestras direcciones postales son: Alborzi Ortodoncia235 N. Mateo Dr. #300San Mateo, Dr. 94401 Alborzi Ortodoncia705 Purissma St.Half Moon Bay, CA 94019 Puede comunicarse con nosotros por correo electr\u00f3nico a Info@alborziorthodontics.com o puede comunicarse con nosotros por tel\u00e9fono al [&hellip;]<\/p>\n","protected":false},"author":1,"featured_media":0,"parent":0,"menu_order":0,"comment_status":"closed","ping_status":"open","template":"template\/full-width-template.php","meta":{"nf_dc_page":"","om_disable_all_campaigns":false,"_monsterinsights_skip_tracking":false,"_monsterinsights_sitenote_active":false,"_monsterinsights_sitenote_note":"","_monsterinsights_sitenote_category":0,"postBodyCss":"","postBodyMargin":[],"postBodyPadding":[],"postBodyBackground":{"backgroundType":"classic","gradient":""},"footnotes":""},"class_list":["post-2950","page","type-page","status-publish","hentry"],"yoast_head":"<!-- This site is optimized with the Yoast SEO plugin v27.4 - https:\/\/yoast.com\/product\/yoast-seo-wordpress\/ -->\n<title>Pol\u00edtica de privacidad - Expert Orthodontist<\/title>\n<meta name=\"description\" content=\"Si crees que este sitio no sigue su pol\u00edtica de informaci\u00f3n declarada, puedes ponerte en contacto con nosotros en las direcciones o el n\u00famero de tel\u00e9fono indicados anteriormente.\" \/>\n<meta name=\"robots\" content=\"index, follow, max-snippet:-1, max-image-preview:large, max-video-preview:-1\" \/>\n<link rel=\"canonical\" href=\"https:\/\/expert-orthodontist.com\/es\/politica-de-privacidad\/\" \/>\n<meta property=\"og:locale\" content=\"es_ES\" \/>\n<meta property=\"og:type\" content=\"article\" \/>\n<meta property=\"og:title\" content=\"Pol\u00edtica de privacidad - Expert Orthodontist\" \/>\n<meta property=\"og:description\" content=\"Si crees que este sitio no sigue su pol\u00edtica de informaci\u00f3n declarada, puedes ponerte en contacto con nosotros en las direcciones o el n\u00famero de tel\u00e9fono indicados anteriormente.\" \/>\n<meta property=\"og:url\" content=\"https:\/\/expert-orthodontist.com\/es\/politica-de-privacidad\/\" \/>\n<meta property=\"og:site_name\" content=\"Expert Orthodontist\" \/>\n<meta property=\"article:publisher\" content=\"https:\/\/www.facebook.com\/alborziortho\/\" \/>\n<meta property=\"article:modified_time\" content=\"2025-02-28T23:14:53+00:00\" \/>\n<meta name=\"twitter:card\" content=\"summary_large_image\" \/>\n<meta name=\"twitter:site\" content=\"@alborziortho\" \/>\n<meta name=\"twitter:label1\" content=\"Tiempo de lectura\" \/>\n\t<meta name=\"twitter:data1\" content=\"2 minutos\" \/>\n<script type=\"application\/ld+json\" class=\"yoast-schema-graph\">{\"@context\":\"https:\\\/\\\/schema.org\",\"@graph\":[{\"@type\":\"WebPage\",\"@id\":\"https:\\\/\\\/expert-orthodontist.com\\\/es\\\/politica-de-privacidad\\\/\",\"url\":\"https:\\\/\\\/expert-orthodontist.com\\\/es\\\/politica-de-privacidad\\\/\",\"name\":\"Pol\u00edtica de privacidad - Expert Orthodontist\",\"isPartOf\":{\"@id\":\"https:\\\/\\\/ycy.nak.temporary.site\\\/#website\"},\"datePublished\":\"2020-06-17T11:21:50+00:00\",\"dateModified\":\"2025-02-28T23:14:53+00:00\",\"description\":\"Si crees que este sitio no sigue su pol\u00edtica de informaci\u00f3n declarada, puedes ponerte en contacto con nosotros en las direcciones o el n\u00famero de tel\u00e9fono indicados anteriormente.\",\"breadcrumb\":{\"@id\":\"https:\\\/\\\/expert-orthodontist.com\\\/es\\\/politica-de-privacidad\\\/#breadcrumb\"},\"inLanguage\":\"es\",\"potentialAction\":[{\"@type\":\"ReadAction\",\"target\":[\"https:\\\/\\\/expert-orthodontist.com\\\/es\\\/politica-de-privacidad\\\/\"]}]},{\"@type\":\"BreadcrumbList\",\"@id\":\"https:\\\/\\\/expert-orthodontist.com\\\/es\\\/politica-de-privacidad\\\/#breadcrumb\",\"itemListElement\":[{\"@type\":\"ListItem\",\"position\":1,\"name\":\"Home\",\"item\":\"https:\\\/\\\/expert-orthodontist.com\\\/es\\\/inicio\\\/\"},{\"@type\":\"ListItem\",\"position\":2,\"name\":\"Pol\u00edtica de privacidad\"}]},{\"@type\":\"WebSite\",\"@id\":\"https:\\\/\\\/ycy.nak.temporary.site\\\/#website\",\"url\":\"https:\\\/\\\/ycy.nak.temporary.site\\\/\",\"name\":\"Alborzi Orthodontics\",\"description\":\"Expert Orthodontist\",\"publisher\":{\"@id\":\"https:\\\/\\\/ycy.nak.temporary.site\\\/#organization\"},\"potentialAction\":[{\"@type\":\"SearchAction\",\"target\":{\"@type\":\"EntryPoint\",\"urlTemplate\":\"https:\\\/\\\/ycy.nak.temporary.site\\\/?s={search_term_string}\"},\"query-input\":{\"@type\":\"PropertyValueSpecification\",\"valueRequired\":true,\"valueName\":\"search_term_string\"}}],\"inLanguage\":\"es\"},{\"@type\":\"Organization\",\"@id\":\"https:\\\/\\\/ycy.nak.temporary.site\\\/#organization\",\"name\":\"Ortodoncia Alborzi\",\"url\":\"https:\\\/\\\/ycy.nak.temporary.site\\\/\",\"logo\":{\"@type\":\"ImageObject\",\"inLanguage\":\"es\",\"@id\":\"https:\\\/\\\/ycy.nak.temporary.site\\\/#\\\/schema\\\/logo\\\/image\\\/\",\"url\":\"https:\\\/\\\/expert-orthodontist.com\\\/wp-content\\\/uploads\\\/2024\\\/10\\\/alborzi-logo-full.png\",\"contentUrl\":\"https:\\\/\\\/expert-orthodontist.com\\\/wp-content\\\/uploads\\\/2024\\\/10\\\/alborzi-logo-full.png\",\"width\":908,\"height\":243,\"caption\":\"Ortodoncia Alborzi\"},\"image\":{\"@id\":\"https:\\\/\\\/ycy.nak.temporary.site\\\/#\\\/schema\\\/logo\\\/image\\\/\"},\"sameAs\":[\"https:\\\/\\\/www.facebook.com\\\/alborziortho\\\/\",\"https:\\\/\\\/x.com\\\/alborziortho\",\"https:\\\/\\\/www.instagram.com\\\/alborziortho\\\/?hl=en\",\"https:\\\/\\\/www.linkedin.com\\\/company\\\/alborziortho\\\/\"]}]}<\/script>\n<!-- \/ Yoast SEO plugin. -->","yoast_head_json":{"title":"Pol\u00edtica de privacidad - Expert Orthodontist","description":"Si crees que este sitio no sigue su pol\u00edtica de informaci\u00f3n declarada, puedes ponerte en contacto con nosotros en las direcciones o el n\u00famero de tel\u00e9fono indicados anteriormente.","robots":{"index":"index","follow":"follow","max-snippet":"max-snippet:-1","max-image-preview":"max-image-preview:large","max-video-preview":"max-video-preview:-1"},"canonical":"https:\/\/expert-orthodontist.com\/es\/politica-de-privacidad\/","og_locale":"es_ES","og_type":"article","og_title":"Pol\u00edtica de privacidad - Expert Orthodontist","og_description":"Si crees que este sitio no sigue su pol\u00edtica de informaci\u00f3n declarada, puedes ponerte en contacto con nosotros en las direcciones o el n\u00famero de tel\u00e9fono indicados anteriormente.","og_url":"https:\/\/expert-orthodontist.com\/es\/politica-de-privacidad\/","og_site_name":"Expert Orthodontist","article_publisher":"https:\/\/www.facebook.com\/alborziortho\/","article_modified_time":"2025-02-28T23:14:53+00:00","twitter_card":"summary_large_image","twitter_site":"@alborziortho","twitter_misc":{"Tiempo de lectura":"2 minutos"},"schema":{"@context":"https:\/\/schema.org","@graph":[{"@type":"WebPage","@id":"https:\/\/expert-orthodontist.com\/es\/politica-de-privacidad\/","url":"https:\/\/expert-orthodontist.com\/es\/politica-de-privacidad\/","name":"Pol\u00edtica de privacidad - Expert Orthodontist","isPartOf":{"@id":"https:\/\/ycy.nak.temporary.site\/#website"},"datePublished":"2020-06-17T11:21:50+00:00","dateModified":"2025-02-28T23:14:53+00:00","description":"Si crees que este sitio no sigue su pol\u00edtica de informaci\u00f3n declarada, puedes ponerte en contacto con nosotros en las direcciones o el n\u00famero de tel\u00e9fono indicados anteriormente.","breadcrumb":{"@id":"https:\/\/expert-orthodontist.com\/es\/politica-de-privacidad\/#breadcrumb"},"inLanguage":"es","potentialAction":[{"@type":"ReadAction","target":["https:\/\/expert-orthodontist.com\/es\/politica-de-privacidad\/"]}]},{"@type":"BreadcrumbList","@id":"https:\/\/expert-orthodontist.com\/es\/politica-de-privacidad\/#breadcrumb","itemListElement":[{"@type":"ListItem","position":1,"name":"Home","item":"https:\/\/expert-orthodontist.com\/es\/inicio\/"},{"@type":"ListItem","position":2,"name":"Pol\u00edtica de privacidad"}]},{"@type":"WebSite","@id":"https:\/\/ycy.nak.temporary.site\/#website","url":"https:\/\/ycy.nak.temporary.site\/","name":"Alborzi Orthodontics","description":"Expert Orthodontist","publisher":{"@id":"https:\/\/ycy.nak.temporary.site\/#organization"},"potentialAction":[{"@type":"SearchAction","target":{"@type":"EntryPoint","urlTemplate":"https:\/\/ycy.nak.temporary.site\/?s={search_term_string}"},"query-input":{"@type":"PropertyValueSpecification","valueRequired":true,"valueName":"search_term_string"}}],"inLanguage":"es"},{"@type":"Organization","@id":"https:\/\/ycy.nak.temporary.site\/#organization","name":"Ortodoncia Alborzi","url":"https:\/\/ycy.nak.temporary.site\/","logo":{"@type":"ImageObject","inLanguage":"es","@id":"https:\/\/ycy.nak.temporary.site\/#\/schema\/logo\/image\/","url":"https:\/\/expert-orthodontist.com\/wp-content\/uploads\/2024\/10\/alborzi-logo-full.png","contentUrl":"https:\/\/expert-orthodontist.com\/wp-content\/uploads\/2024\/10\/alborzi-logo-full.png","width":908,"height":243,"caption":"Ortodoncia Alborzi"},"image":{"@id":"https:\/\/ycy.nak.temporary.site\/#\/schema\/logo\/image\/"},"sameAs":["https:\/\/www.facebook.com\/alborziortho\/","https:\/\/x.com\/alborziortho","https:\/\/www.instagram.com\/alborziortho\/?hl=en","https:\/\/www.linkedin.com\/company\/alborziortho\/"]}]}},"_links":{"self":[{"href":"https:\/\/expert-orthodontist.com\/es\/wp-json\/wp\/v2\/pages\/2950","targetHints":{"allow":["GET"]}}],"collection":[{"href":"https:\/\/expert-orthodontist.com\/es\/wp-json\/wp\/v2\/pages"}],"about":[{"href":"https:\/\/expert-orthodontist.com\/es\/wp-json\/wp\/v2\/types\/page"}],"author":[{"embeddable":true,"href":"https:\/\/expert-orthodontist.com\/es\/wp-json\/wp\/v2\/users\/1"}],"replies":[{"embeddable":true,"href":"https:\/\/expert-orthodontist.com\/es\/wp-json\/wp\/v2\/comments?post=2950"}],"version-history":[{"count":5,"href":"https:\/\/expert-orthodontist.com\/es\/wp-json\/wp\/v2\/pages\/2950\/revisions"}],"predecessor-version":[{"id":3006,"href":"https:\/\/expert-orthodontist.com\/es\/wp-json\/wp\/v2\/pages\/2950\/revisions\/3006"}],"wp:attachment":[{"href":"https:\/\/expert-orthodontist.com\/es\/wp-json\/wp\/v2\/media?parent=2950"}],"curies":[{"name":"wp","href":"https:\/\/api.w.org\/{rel}","templated":true}]}}