{"id":2947,"date":"2020-07-19T09:06:49","date_gmt":"2020-07-19T09:06:49","guid":{"rendered":"https:\/\/expert-orthodontist.com\/recomienda-a-un-amigo\/"},"modified":"2025-03-13T21:00:06","modified_gmt":"2025-03-13T21:00:06","slug":"recomienda-a-un-amigo","status":"publish","type":"page","link":"https:\/\/expert-orthodontist.com\/es\/recomienda-a-un-amigo\/","title":{"rendered":"Recomienda a un amigo"},"content":{"rendered":"\t\t<div data-elementor-type=\"wp-page\" data-elementor-id=\"2947\" class=\"elementor elementor-2947 elementor-472\">\n\t\t\t\t\t\t<section class=\"elementor-section elementor-top-section elementor-element elementor-element-37e445a elementor-section-boxed elementor-section-height-default elementor-section-height-default\" data-id=\"37e445a\" data-element_type=\"section\" data-e-type=\"section\">\n\t\t\t\t\t\t<div class=\"elementor-container elementor-column-gap-no\">\n\t\t\t\t\t<div class=\"elementor-column elementor-col-100 elementor-top-column elementor-element elementor-element-3cea629\" data-id=\"3cea629\" data-element_type=\"column\" data-e-type=\"column\">\n\t\t\t<div class=\"elementor-widget-wrap elementor-element-populated\">\n\t\t\t\t\t\t<div class=\"elementor-element elementor-element-d4ce57b elementor-widget elementor-widget-elementskit-heading\" data-id=\"d4ce57b\" data-element_type=\"widget\" data-e-type=\"widget\" data-widget_type=\"elementskit-heading.default\">\n\t\t\t\t<div class=\"elementor-widget-container\">\n\t\t\t\t\t<div class=\"ekit-wid-con\" ><div class=\"ekit-heading elementskit-section-title-wraper text_center   ekit_heading_tablet-   ekit_heading_mobile-text_center\"><h2 class=\"ekit-heading--title elementskit-section-title \">Las sonrisas son mejores cuando se comparten<\/h2><h3 class=\"ekit-heading--subtitle elementskit-section-subtitle  \">\n\t\t\t\t\t\tComplete el formulario a continuaci\u00f3n, para alguien de su familia o un amigo. Luego, un miembro de nuestro equipo de Alborzi Orthodontics programar\u00e1 su primera cita de consulta gratuita.\n\t\t\t\t\t<\/h3><\/div><\/div>\t\t\t\t<\/div>\n\t\t\t\t<\/div>\n\t\t\t\t<div class=\"elementor-element elementor-element-bdecc91 elementor-widget elementor-widget-metform\" data-id=\"bdecc91\" data-element_type=\"widget\" data-e-type=\"widget\" data-widget_type=\"metform.default\">\n\t\t\t\t<div class=\"elementor-widget-container\">\n\t\t\t\t\t<div id=\"mf-response-props-id-399\" data-previous-steps-style=\"\" data-editswitchopen=\"\" data-response_type=\"alert\" data-erroricon=\"fas fa-exclamation-triangle\" data-successicon=\"fas fa-check\" data-messageposition=\"top\" class=\"   mf-scroll-top-no\">\n\t\t<div class=\"formpicker_warper formpicker_warper_editable\" data-metform-formpicker-key=\"399\" >\n\t\t\t\t\n\t\t\t<div class=\"mf-widget-container\">\n\t\t\t\t\r\n\t\t<div\r\n\t\t\tid=\"metform-wrap-bdecc91-399\"\r\n\t\t\tclass=\"mf-form-wrapper\"\r\n\t\t\tdata-form-id=\"399\"\r\n\t\t\tdata-action=\"https:\/\/expert-orthodontist.com\/es\/wp-json\/metform\/v1\/entries\/insert\/399\"\r\n\t\t\tdata-wp-nonce=\"48b6d66664\"\r\n\t\t\tdata-form-nonce=\"4731459a67\"\r\n\t\t\tdata-quiz-summery = \"false\"\r\n\t\t\tdata-save-progress = \"false\"\r\n\t\t\tdata-form-type=\"contact_form\"\r\n\t\t\tdata-stop-vertical-effect=\"\"\r\n\t\t\t><\/div>\r\n\r\n\r\n\t\t<!----------------------------- \r\n\t\t\t* controls_data : find the the props passed indie of data attribute\r\n\t\t\t* props.SubmitResponseMarkup : contains the markup of error or success message\r\n\t\t\t* https:\/\/developer.mozilla.org\/en-US\/docs\/Web\/JavaScript\/Reference\/Template_literals\r\n\t\t--------------------------- -->\r\n\r\n\t\t\t\t<script type=\"text\/mf\" class=\"mf-template\">\r\n\t\t\tfunction controls_data (value){\r\n\t\t\t\tlet currentWrapper = \"mf-response-props-id-399\";\r\n\t\t\t\tlet currentEl = document.getElementById(currentWrapper);\r\n\t\t\t\t\r\n\t\t\t\treturn currentEl ? currentEl.dataset[value] : false\r\n\t\t\t}\r\n\r\n\r\n\t\t\tlet is_edit_mode = '' ? true : false;\r\n\t\t\tlet message_position = controls_data('messageposition') || 'top';\r\n\r\n\t\t\t\r\n\t\t\tlet message_successIcon = controls_data('successicon') || '';\r\n\t\t\tlet message_errorIcon = controls_data('erroricon') || '';\r\n\t\t\tlet message_editSwitch = controls_data('editswitchopen') === 'yes' ? true : false;\r\n\t\t\tlet message_proClass = controls_data('editswitchopen') === 'yes' ? 'mf_pro_activated' : '';\r\n\t\t\t\r\n\t\t\tlet is_dummy_markup = is_edit_mode && message_editSwitch ? true : false;\r\n\r\n\t\t\t\r\n\t\t\treturn html`\r\n\t\t\t\t<form\r\n\t\t\t\t\tclassName=\"metform-form-content\"\r\n\t\t\t\t\tref=${parent.formContainerRef}\r\n\t\t\t\t\tonSubmit=${ validation.handleSubmit( parent.handleFormSubmit ) }\r\n\t\t\t\t\r\n\t\t\t\t\t>\r\n\t\t\t\r\n\t\t\t\r\n\t\t\t\t\t${is_dummy_markup ? message_position === 'top' ?  props.ResponseDummyMarkup(message_successIcon, message_proClass) : '' : ''}\r\n\t\t\t\t\t${is_dummy_markup ? ' ' :  message_position === 'top' ? props.SubmitResponseMarkup`${parent}${state}${message_successIcon}${message_errorIcon}${message_proClass}` : ''}\r\n\r\n\t\t\t\t\t<!--------------------------------------------------------\r\n\t\t\t\t\t*** IMPORTANT \/ DANGEROUS ***\r\n\t\t\t\t\t${html``} must be used as in immediate child of \"metform-form-main-wrapper\"\r\n\t\t\t\t\tclass otherwise multistep form will not run at all\r\n\t\t\t\t\t---------------------------------------------------------->\r\n\r\n\t\t\t\t\t<div className=\"metform-form-main-wrapper\" key=${'hide-form-after-submit'} ref=${parent.formRef}>\r\n\t\t\t\t\t${html`\r\n\t\t\t\t\t\t\t\t<div data-elementor-type=\"wp-post\" key=\"2\" data-elementor-id=\"399\" className=\"elementor elementor-399\">\n\t\t\t\t\t\t<section className=\"elementor-section elementor-top-section elementor-element elementor-element-7a00e22 elementor-section-boxed elementor-section-height-default elementor-section-height-default\" data-id=\"7a00e22\" data-element_type=\"section\" data-e-type=\"section\" data-settings=\"{&quot;background_background&quot;:&quot;classic&quot;}\">\n\t\t\t\t\t\t<div className=\"elementor-container elementor-column-gap-no\">\n\t\t\t\t\t<div className=\"elementor-column elementor-col-100 elementor-top-column elementor-element elementor-element-39ab4cb\" data-id=\"39ab4cb\" data-element_type=\"column\" data-e-type=\"column\">\n\t\t\t<div className=\"elementor-widget-wrap elementor-element-populated\">\n\t\t\t\t\t\t<div className=\"elementor-element elementor-element-7cbe327 elementor-widget elementor-widget-mf-text\" data-id=\"7cbe327\" data-element_type=\"widget\" data-e-type=\"widget\" data-settings=\"{&quot;mf_input_name&quot;:&quot;mf-first-name&quot;}\" data-widget_type=\"mf-text.default\">\n\t\t\t\t<div className=\"elementor-widget-container\">\n\t\t\t\t\t\r\n\t\t<div className=\"mf-input-wrapper\">\r\n\t\t\t\r\n\t\t\t<input\r\n\t\t\t\ttype=\"text\"\r\n\t\t\t\tclassName=\"mf-input \"\r\n\t\t\t\tid=\"mf-input-text-7cbe327\"\r\n\t\t\t\tname=\"mf-first-name\"\r\n\t\t\t\tplaceholder=\"${ parent.decodeEntities(`Your Name\/Nombre`) } \"\r\n\t\t\t\t\t\t\t\t\tonInput=${parent.handleChange}\r\n\t\t\t\t\tonBlur=${parent.handleChange}\r\n\t\t\t\t\taria-invalid=${validation.errors['mf-first-name'] ? 'true' : 'false'}\r\n\t\t\t\t\tref=${el =>{\r\n\t\t\t\t\t\t\t\t\t\t\t\tparent.activateValidation({\"message\":\"This field is required.\",\"minLength\":1,\"maxLength\":\"\",\"type\":\"none\",\"required\":true,\"expression\":\"null\"}, el)\r\n\t\t\t\t\t}}\r\n\t\t\t\t\t\t\t\t\/>\r\n\r\n\t\t\t\t\t\t\t<${validation.ErrorMessage}\r\n\t\t\t\t\terrors=${validation.errors}\r\n\t\t\t\t\tname=\"mf-first-name\"\r\n\t\t\t\t\tas=${html`<span className=\"mf-error-message\"><\/span>`}\r\n\t\t\t\t\t\/>\r\n\t\t\t\r\n\t\t\t\t\t<\/div>\r\n\r\n\t\t\t\t\t\t<\/div>\n\t\t\t\t<\/div>\n\t\t\t\t<div className=\"elementor-element elementor-element-25bfaac elementor-widget elementor-widget-mf-email\" data-id=\"25bfaac\" data-element_type=\"widget\" data-e-type=\"widget\" data-settings=\"{&quot;mf_input_name&quot;:&quot;mf-email&quot;}\" data-widget_type=\"mf-email.default\">\n\t\t\t\t<div className=\"elementor-widget-container\">\n\t\t\t\t\t\r\n\t\t<div className=\"mf-input-wrapper\">\r\n\t\t\t\r\n\t\t\t<input \r\n\t\t\t\ttype=\"email\" \r\n\t\t\t\t \r\n\t\t\t\tdefaultValue=\"\" \r\n\t\t\t\tclassName=\"mf-input \" \r\n\t\t\t\tid=\"mf-input-email-25bfaac\" \r\n\t\t\t\tname=\"mf-email\" \r\n\t\t\t\tplaceholder=\"${ parent.decodeEntities(`Your Email\/Tu Correo Electr\u00f3nico`) } \" \r\n\t\t\t\t \r\n\t\t\t\tonBlur=${parent.handleChange} onFocus=${parent.handleChange} aria-invalid=${validation.errors['mf-email'] ? 'true' : 'false' } \r\n\t\t\t\tref=${el=> parent.activateValidation({\"message\":\"This field is required.\",\"emailMessage\":\"Please enter a valid Email address\",\"minLength\":1,\"maxLength\":\"\",\"type\":\"none\",\"required\":true,\"expression\":\"null\"}, el)}\r\n\t\t\t\t\t\t\t\/>\r\n\r\n\t\t\t\t\t\t<${validation.ErrorMessage} \r\n\t\t\t\terrors=${validation.errors} \r\n\t\t\t\tname=\"mf-email\" \r\n\t\t\t\tas=${html`<span className=\"mf-error-message\"><\/span>`}\r\n\t\t\t\/>\r\n\t\t\t\r\n\t\t\t\t\t<\/div>\r\n\r\n\t\t\t\t<\/div>\n\t\t\t\t<\/div>\n\t\t\t\t<div className=\"elementor-element elementor-element-e338877 elementor-widget elementor-widget-mf-telephone\" data-id=\"e338877\" data-element_type=\"widget\" data-e-type=\"widget\" data-settings=\"{&quot;mf_input_name&quot;:&quot;mf-telephone&quot;}\" data-widget_type=\"mf-telephone.default\">\n\t\t\t\t<div className=\"elementor-widget-container\">\n\t\t\t\t\t\n\t\t<div className=\"mf-input-wrapper\">\n\t\t\t\n\t\t\t<input\n\t\t\t\ttype=\"tel\"\n\t\t\t\tclassName=\"mf-input \"\n\t\t\t\tid=\"mf-input-telephone-e338877\" \n\t\t\t\tname=\"mf-telephone\"\n\t\t\t\tplaceholder=\"${ parent.decodeEntities(`Your Phone Number\/N\u00famero De Tel\u00e9fono`) } \"\n\t\t\t\t\t\t\t\t\tonInput=${parent.handleChange}\n\t\t\t\t\taria-invalid=${validation.errors['mf-telephone'] ? 'true' : 'false'}\n\t\t\t\t\tref=${el => parent.activateValidation({\"message\":\"This field is required.\",\"minLength\":1,\"maxLength\":\"\",\"type\":\"none\",\"required\":false,\"expression\":\"null\"}, el)}\n\t\t\t\t\t\t\t\t\/>\n\t\t\t\n\t\t\t\t\t\t\t<${validation.ErrorMessage}\n\t\t\t\t\terrors=${validation.errors}\n\t\t\t\t\tname=\"mf-telephone\"\n\t\t\t\t\tas=${html`<span className=\"mf-error-message\"><\/span>`}\n\t\t\t\t\t\/>\n\t\t\t\n\t\t\t\n\t\t<\/div>\n\n\t\t\t\t\t\t<\/div>\n\t\t\t\t<\/div>\n\t\t\t\t<div className=\"elementor-element elementor-element-f470286 elementor-widget elementor-widget-mf-textarea\" data-id=\"f470286\" data-element_type=\"widget\" data-e-type=\"widget\" data-settings=\"{&quot;mf_input_name&quot;:&quot;mf-comment&quot;}\" data-widget_type=\"mf-textarea.default\">\n\t\t\t\t<div className=\"elementor-widget-container\">\n\t\t\t\t\t\r\n\t\t<div className=\"mf-input-wrapper\">\r\n\t\t\t\r\n\t\t\t<textarea className=\"mf-input mf-textarea \" id=\"mf-input-text-area-f470286\"\r\n\t\t\t\tname=\"mf-comment\" \r\n\t\t\t\tplaceholder=\"${ parent.decodeEntities(`Please provide us your referral&#039;s contact information. Please provide their name, phone number and email address. | Por favor proporci\u00f3nenos la informaci\u00f3n de contacto de su referencia. Proporcione su nombre, n\u00famero de tel\u00e9fono y direcci\u00f3n de correo electr\u00f3nico.`) } \"\r\n\t\t\t\tcols=\"30\" rows=\"10\"\r\n\t\t\t\t\t\t\t\t\tonInput=${ parent.handleChange }\r\n\t\t\t\t\taria-invalid=${validation.errors['mf-comment'] ? 'true' : 'false'}\r\n\t\t\t\t\tref=${ el => parent.activateValidation({\"message\":\"This field is required.\",\"minLength\":1,\"maxLength\":\"\",\"type\":\"none\",\"required\":true,\"expression\":\"null\"}, el)}\r\n\t\t\t\t\t\t\t\t><\/textarea>\r\n\r\n\t\t\t\t\t\t\t<${validation.ErrorMessage}\r\n\t\t\t\t\terrors=${validation.errors}\r\n\t\t\t\t\tname=\"mf-comment\"\r\n\t\t\t\t\tas=${html`<span className=\"mf-error-message\"><\/span>`}\r\n\t\t\t\t\t\/>\r\n\t\t\t\t\t\t\t\t<\/div>\r\n\r\n\t\t\t\t\t\t<\/div>\n\t\t\t\t<\/div>\n\t\t\t\t<div className=\"elementor-element elementor-element-3baf165 mf-btn--center elementor-widget elementor-widget-mf-button\" data-id=\"3baf165\" data-element_type=\"widget\" data-e-type=\"widget\" data-widget_type=\"mf-button.default\">\n\t\t\t\t<div className=\"elementor-widget-container\">\n\t\t\t\t\t\t\t<div className=\"mf-btn-wraper \" data-mf-form-conditional-logic-requirement=\"\">\r\n\t\t\t\t\t\t\t<button type=\"submit\" className=\"metform-btn metform-submit-btn w-100\" id=\"\">\r\n\t\t\t\t\t<svg aria-hidden=\"true\" className=\"e-font-icon-svg e-fas-paper-plane\" viewBox=\"0 0 512 512\" xmlns=\"http:\/\/www.w3.org\/2000\/svg\"><path d=\"M476 3.2L12.5 270.6c-18.1 10.4-15.8 35.6 2.2 43.2L121 358.4l287.3-253.2c5.5-4.9 13.3 2.6 8.6 8.3L176 407v80.5c0 23.6 28.5 32.9 42.5 15.8L282 426l124.6 52.2c14.2 6 30.4-2.9 33-18.2l72-432C515 7.8 493.3-6.8 476 3.2z\"><\/path><\/svg>\t\t\t\t\t<span>${ parent.decodeEntities(`Send referral\/Enviar referencia`) } <\/span>\r\n\t\t\t\t<\/button>\r\n\t\t\t        <\/div>\r\n        \t\t\t\t<\/div>\n\t\t\t\t<\/div>\n\t\t\t\t\t<\/div>\n\t\t<\/div>\n\t\t\t\t\t<\/div>\n\t\t<\/section>\n\t\t\t\t<\/div>\n\t\t\t\t\t\t\t`}\r\n\t\t\t\t\t<\/div>\r\n\r\n\t\t\t\t\t${is_dummy_markup ? message_position === 'bottom' ? props.ResponseDummyMarkup(message_successIcon, message_proClass) : '' : ''}\r\n\t\t\t\t\t${is_dummy_markup ? ' ' : message_position === 'bottom' ? props.SubmitResponseMarkup`${parent}${state}${message_successIcon}${message_errorIcon}${message_proClass}` : ''}\r\n\t\t\t\t\r\n\t\t\t\t<\/form>\r\n\t\t\t`\r\n\t\t<\/script>\r\n\r\n\t\t\t\t\t<\/div>\n\t\t<\/div>\n\t\t<\/div>\t\t\t\t<\/div>\n\t\t\t\t<\/div>\n\t\t\t\t\t<\/div>\n\t\t<\/div>\n\t\t\t\t\t<\/div>\n\t\t<\/section>\n\t\t\t\t<\/div>\n\t\t","protected":false},"excerpt":{"rendered":"<p>Las sonrisas son mejores cuando se comparten Complete el formulario a continuaci\u00f3n, para alguien de su familia o un amigo. Luego, un miembro de nuestro equipo de Alborzi Orthodontics programar\u00e1 su primera cita de consulta gratuita.<\/p>\n","protected":false},"author":1,"featured_media":2883,"parent":0,"menu_order":0,"comment_status":"closed","ping_status":"closed","template":"template\/full-width-template.php","meta":{"nf_dc_page":"","om_disable_all_campaigns":false,"_monsterinsights_skip_tracking":false,"_monsterinsights_sitenote_active":false,"_monsterinsights_sitenote_note":"","_monsterinsights_sitenote_category":0,"postBodyCss":"","postBodyMargin":[],"postBodyPadding":[],"postBodyBackground":{"backgroundType":"classic","gradient":""},"footnotes":""},"class_list":["post-2947","page","type-page","status-publish","has-post-thumbnail","hentry"],"yoast_head":"<!-- This site is optimized with the Yoast SEO plugin v27.4 - https:\/\/yoast.com\/product\/yoast-seo-wordpress\/ -->\n<title>Recomienda a un amigo - Expert Orthodontist<\/title>\n<meta name=\"description\" content=\"Complete el formulario para recomendar a un amigo o familiar a Alborzi Orthodontics.\" \/>\n<meta name=\"robots\" content=\"index, follow, max-snippet:-1, max-image-preview:large, max-video-preview:-1\" \/>\n<link rel=\"canonical\" href=\"https:\/\/expert-orthodontist.com\/es\/recomienda-a-un-amigo\/\" \/>\n<meta property=\"og:locale\" content=\"es_ES\" \/>\n<meta property=\"og:type\" content=\"article\" \/>\n<meta property=\"og:title\" content=\"Recomienda a un amigo - Expert Orthodontist\" \/>\n<meta property=\"og:description\" content=\"Complete el formulario para recomendar a un amigo o familiar a Alborzi Orthodontics.\" \/>\n<meta property=\"og:url\" content=\"https:\/\/expert-orthodontist.com\/es\/recomienda-a-un-amigo\/\" \/>\n<meta property=\"og:site_name\" content=\"Expert Orthodontist\" \/>\n<meta property=\"article:publisher\" content=\"https:\/\/www.facebook.com\/alborziortho\/\" \/>\n<meta property=\"article:modified_time\" content=\"2025-03-13T21:00:06+00:00\" \/>\n<meta property=\"og:image\" content=\"https:\/\/expert-orthodontist.com\/wp-content\/uploads\/2024\/10\/DSC_3791.jpg\" \/>\n\t<meta property=\"og:image:width\" content=\"2400\" \/>\n\t<meta property=\"og:image:height\" content=\"1602\" \/>\n\t<meta property=\"og:image:type\" content=\"image\/jpeg\" \/>\n<meta name=\"twitter:card\" content=\"summary_large_image\" \/>\n<meta name=\"twitter:site\" content=\"@alborziortho\" \/>\n<meta name=\"twitter:label1\" content=\"Tiempo de lectura\" \/>\n\t<meta name=\"twitter:data1\" content=\"1 minuto\" \/>\n<script type=\"application\/ld+json\" class=\"yoast-schema-graph\">{\"@context\":\"https:\\\/\\\/schema.org\",\"@graph\":[{\"@type\":\"WebPage\",\"@id\":\"https:\\\/\\\/expert-orthodontist.com\\\/es\\\/recomienda-a-un-amigo\\\/\",\"url\":\"https:\\\/\\\/expert-orthodontist.com\\\/es\\\/recomienda-a-un-amigo\\\/\",\"name\":\"Recomienda a un amigo - Expert Orthodontist\",\"isPartOf\":{\"@id\":\"https:\\\/\\\/ycy.nak.temporary.site\\\/#website\"},\"primaryImageOfPage\":{\"@id\":\"https:\\\/\\\/expert-orthodontist.com\\\/es\\\/recomienda-a-un-amigo\\\/#primaryimage\"},\"image\":{\"@id\":\"https:\\\/\\\/expert-orthodontist.com\\\/es\\\/recomienda-a-un-amigo\\\/#primaryimage\"},\"thumbnailUrl\":\"https:\\\/\\\/expert-orthodontist.com\\\/wp-content\\\/uploads\\\/2024\\\/10\\\/DSC_3791.jpg\",\"datePublished\":\"2020-07-19T09:06:49+00:00\",\"dateModified\":\"2025-03-13T21:00:06+00:00\",\"description\":\"Complete el formulario para recomendar a un amigo o familiar a Alborzi Orthodontics.\",\"breadcrumb\":{\"@id\":\"https:\\\/\\\/expert-orthodontist.com\\\/es\\\/recomienda-a-un-amigo\\\/#breadcrumb\"},\"inLanguage\":\"es\",\"potentialAction\":[{\"@type\":\"ReadAction\",\"target\":[\"https:\\\/\\\/expert-orthodontist.com\\\/es\\\/recomienda-a-un-amigo\\\/\"]}]},{\"@type\":\"ImageObject\",\"inLanguage\":\"es\",\"@id\":\"https:\\\/\\\/expert-orthodontist.com\\\/es\\\/recomienda-a-un-amigo\\\/#primaryimage\",\"url\":\"https:\\\/\\\/expert-orthodontist.com\\\/wp-content\\\/uploads\\\/2024\\\/10\\\/DSC_3791.jpg\",\"contentUrl\":\"https:\\\/\\\/expert-orthodontist.com\\\/wp-content\\\/uploads\\\/2024\\\/10\\\/DSC_3791.jpg\",\"width\":2400,\"height\":1602,\"caption\":\"Dr. Alexa A. Alborzi is a speaker, teacher, author, community leader, humanitarian, and accomplished orthodontist.\"},{\"@type\":\"BreadcrumbList\",\"@id\":\"https:\\\/\\\/expert-orthodontist.com\\\/es\\\/recomienda-a-un-amigo\\\/#breadcrumb\",\"itemListElement\":[{\"@type\":\"ListItem\",\"position\":1,\"name\":\"Home\",\"item\":\"https:\\\/\\\/expert-orthodontist.com\\\/es\\\/inicio\\\/\"},{\"@type\":\"ListItem\",\"position\":2,\"name\":\"Recomienda a un amigo\"}]},{\"@type\":\"WebSite\",\"@id\":\"https:\\\/\\\/ycy.nak.temporary.site\\\/#website\",\"url\":\"https:\\\/\\\/ycy.nak.temporary.site\\\/\",\"name\":\"Alborzi Orthodontics\",\"description\":\"Expert Orthodontist\",\"publisher\":{\"@id\":\"https:\\\/\\\/ycy.nak.temporary.site\\\/#organization\"},\"potentialAction\":[{\"@type\":\"SearchAction\",\"target\":{\"@type\":\"EntryPoint\",\"urlTemplate\":\"https:\\\/\\\/ycy.nak.temporary.site\\\/?s={search_term_string}\"},\"query-input\":{\"@type\":\"PropertyValueSpecification\",\"valueRequired\":true,\"valueName\":\"search_term_string\"}}],\"inLanguage\":\"es\"},{\"@type\":\"Organization\",\"@id\":\"https:\\\/\\\/ycy.nak.temporary.site\\\/#organization\",\"name\":\"Ortodoncia Alborzi\",\"url\":\"https:\\\/\\\/ycy.nak.temporary.site\\\/\",\"logo\":{\"@type\":\"ImageObject\",\"inLanguage\":\"es\",\"@id\":\"https:\\\/\\\/ycy.nak.temporary.site\\\/#\\\/schema\\\/logo\\\/image\\\/\",\"url\":\"https:\\\/\\\/expert-orthodontist.com\\\/wp-content\\\/uploads\\\/2024\\\/10\\\/alborzi-logo-full.png\",\"contentUrl\":\"https:\\\/\\\/expert-orthodontist.com\\\/wp-content\\\/uploads\\\/2024\\\/10\\\/alborzi-logo-full.png\",\"width\":908,\"height\":243,\"caption\":\"Ortodoncia Alborzi\"},\"image\":{\"@id\":\"https:\\\/\\\/ycy.nak.temporary.site\\\/#\\\/schema\\\/logo\\\/image\\\/\"},\"sameAs\":[\"https:\\\/\\\/www.facebook.com\\\/alborziortho\\\/\",\"https:\\\/\\\/x.com\\\/alborziortho\",\"https:\\\/\\\/www.instagram.com\\\/alborziortho\\\/?hl=en\",\"https:\\\/\\\/www.linkedin.com\\\/company\\\/alborziortho\\\/\"]}]}<\/script>\n<!-- \/ Yoast SEO plugin. -->","yoast_head_json":{"title":"Recomienda a un amigo - Expert Orthodontist","description":"Complete el formulario para recomendar a un amigo o familiar a Alborzi Orthodontics.","robots":{"index":"index","follow":"follow","max-snippet":"max-snippet:-1","max-image-preview":"max-image-preview:large","max-video-preview":"max-video-preview:-1"},"canonical":"https:\/\/expert-orthodontist.com\/es\/recomienda-a-un-amigo\/","og_locale":"es_ES","og_type":"article","og_title":"Recomienda a un amigo - Expert Orthodontist","og_description":"Complete el formulario para recomendar a un amigo o familiar a Alborzi Orthodontics.","og_url":"https:\/\/expert-orthodontist.com\/es\/recomienda-a-un-amigo\/","og_site_name":"Expert Orthodontist","article_publisher":"https:\/\/www.facebook.com\/alborziortho\/","article_modified_time":"2025-03-13T21:00:06+00:00","og_image":[{"width":2400,"height":1602,"url":"https:\/\/expert-orthodontist.com\/wp-content\/uploads\/2024\/10\/DSC_3791.jpg","type":"image\/jpeg"}],"twitter_card":"summary_large_image","twitter_site":"@alborziortho","twitter_misc":{"Tiempo de lectura":"1 minuto"},"schema":{"@context":"https:\/\/schema.org","@graph":[{"@type":"WebPage","@id":"https:\/\/expert-orthodontist.com\/es\/recomienda-a-un-amigo\/","url":"https:\/\/expert-orthodontist.com\/es\/recomienda-a-un-amigo\/","name":"Recomienda a un amigo - Expert Orthodontist","isPartOf":{"@id":"https:\/\/ycy.nak.temporary.site\/#website"},"primaryImageOfPage":{"@id":"https:\/\/expert-orthodontist.com\/es\/recomienda-a-un-amigo\/#primaryimage"},"image":{"@id":"https:\/\/expert-orthodontist.com\/es\/recomienda-a-un-amigo\/#primaryimage"},"thumbnailUrl":"https:\/\/expert-orthodontist.com\/wp-content\/uploads\/2024\/10\/DSC_3791.jpg","datePublished":"2020-07-19T09:06:49+00:00","dateModified":"2025-03-13T21:00:06+00:00","description":"Complete el formulario para recomendar a un amigo o familiar a Alborzi Orthodontics.","breadcrumb":{"@id":"https:\/\/expert-orthodontist.com\/es\/recomienda-a-un-amigo\/#breadcrumb"},"inLanguage":"es","potentialAction":[{"@type":"ReadAction","target":["https:\/\/expert-orthodontist.com\/es\/recomienda-a-un-amigo\/"]}]},{"@type":"ImageObject","inLanguage":"es","@id":"https:\/\/expert-orthodontist.com\/es\/recomienda-a-un-amigo\/#primaryimage","url":"https:\/\/expert-orthodontist.com\/wp-content\/uploads\/2024\/10\/DSC_3791.jpg","contentUrl":"https:\/\/expert-orthodontist.com\/wp-content\/uploads\/2024\/10\/DSC_3791.jpg","width":2400,"height":1602,"caption":"Dr. Alexa A. Alborzi is a speaker, teacher, author, community leader, humanitarian, and accomplished orthodontist."},{"@type":"BreadcrumbList","@id":"https:\/\/expert-orthodontist.com\/es\/recomienda-a-un-amigo\/#breadcrumb","itemListElement":[{"@type":"ListItem","position":1,"name":"Home","item":"https:\/\/expert-orthodontist.com\/es\/inicio\/"},{"@type":"ListItem","position":2,"name":"Recomienda a un amigo"}]},{"@type":"WebSite","@id":"https:\/\/ycy.nak.temporary.site\/#website","url":"https:\/\/ycy.nak.temporary.site\/","name":"Alborzi Orthodontics","description":"Expert Orthodontist","publisher":{"@id":"https:\/\/ycy.nak.temporary.site\/#organization"},"potentialAction":[{"@type":"SearchAction","target":{"@type":"EntryPoint","urlTemplate":"https:\/\/ycy.nak.temporary.site\/?s={search_term_string}"},"query-input":{"@type":"PropertyValueSpecification","valueRequired":true,"valueName":"search_term_string"}}],"inLanguage":"es"},{"@type":"Organization","@id":"https:\/\/ycy.nak.temporary.site\/#organization","name":"Ortodoncia Alborzi","url":"https:\/\/ycy.nak.temporary.site\/","logo":{"@type":"ImageObject","inLanguage":"es","@id":"https:\/\/ycy.nak.temporary.site\/#\/schema\/logo\/image\/","url":"https:\/\/expert-orthodontist.com\/wp-content\/uploads\/2024\/10\/alborzi-logo-full.png","contentUrl":"https:\/\/expert-orthodontist.com\/wp-content\/uploads\/2024\/10\/alborzi-logo-full.png","width":908,"height":243,"caption":"Ortodoncia Alborzi"},"image":{"@id":"https:\/\/ycy.nak.temporary.site\/#\/schema\/logo\/image\/"},"sameAs":["https:\/\/www.facebook.com\/alborziortho\/","https:\/\/x.com\/alborziortho","https:\/\/www.instagram.com\/alborziortho\/?hl=en","https:\/\/www.linkedin.com\/company\/alborziortho\/"]}]}},"_links":{"self":[{"href":"https:\/\/expert-orthodontist.com\/es\/wp-json\/wp\/v2\/pages\/2947","targetHints":{"allow":["GET"]}}],"collection":[{"href":"https:\/\/expert-orthodontist.com\/es\/wp-json\/wp\/v2\/pages"}],"about":[{"href":"https:\/\/expert-orthodontist.com\/es\/wp-json\/wp\/v2\/types\/page"}],"author":[{"embeddable":true,"href":"https:\/\/expert-orthodontist.com\/es\/wp-json\/wp\/v2\/users\/1"}],"replies":[{"embeddable":true,"href":"https:\/\/expert-orthodontist.com\/es\/wp-json\/wp\/v2\/comments?post=2947"}],"version-history":[{"count":5,"href":"https:\/\/expert-orthodontist.com\/es\/wp-json\/wp\/v2\/pages\/2947\/revisions"}],"predecessor-version":[{"id":3110,"href":"https:\/\/expert-orthodontist.com\/es\/wp-json\/wp\/v2\/pages\/2947\/revisions\/3110"}],"wp:featuredmedia":[{"embeddable":true,"href":"https:\/\/expert-orthodontist.com\/es\/wp-json\/wp\/v2\/media\/2883"}],"wp:attachment":[{"href":"https:\/\/expert-orthodontist.com\/es\/wp-json\/wp\/v2\/media?parent=2947"}],"curies":[{"name":"wp","href":"https:\/\/api.w.org\/{rel}","templated":true}]}}