{"id":2943,"date":"2024-10-11T23:10:53","date_gmt":"2024-10-11T23:10:53","guid":{"rendered":"https:\/\/expert-orthodontist.com\/formas-de-pago\/"},"modified":"2025-03-13T21:17:27","modified_gmt":"2025-03-13T21:17:27","slug":"formas-de-pago","status":"publish","type":"page","link":"https:\/\/expert-orthodontist.com\/es\/formas-de-pago\/","title":{"rendered":"Opciones de pago"},"content":{"rendered":"\t\t<div data-elementor-type=\"wp-page\" data-elementor-id=\"2943\" class=\"elementor elementor-2943 elementor-1968\">\n\t\t\t\t\t\t<section class=\"elementor-section elementor-top-section elementor-element elementor-element-125855d elementor-section-boxed elementor-section-height-default elementor-section-height-default\" data-id=\"125855d\" data-element_type=\"section\" data-e-type=\"section\">\n\t\t\t\t\t\t<div class=\"elementor-container elementor-column-gap-default\">\n\t\t\t\t\t<div class=\"elementor-column elementor-col-100 elementor-top-column elementor-element elementor-element-beda608\" data-id=\"beda608\" data-element_type=\"column\" data-e-type=\"column\">\n\t\t\t<div class=\"elementor-widget-wrap elementor-element-populated\">\n\t\t\t\t\t\t<div class=\"elementor-element elementor-element-4d490fc elementor-widget elementor-widget-elementskit-heading\" data-id=\"4d490fc\" data-element_type=\"widget\" data-e-type=\"widget\" data-widget_type=\"elementskit-heading.default\">\n\t\t\t\t<div class=\"elementor-widget-container\">\n\t\t\t\t\t<div class=\"ekit-wid-con\" ><div class=\"ekit-heading elementskit-section-title-wraper text_center   ekit_heading_tablet-   ekit_heading_mobile-text_center\"><h2 class=\"ekit-heading--title elementskit-section-title \">Planes de seguro aceptados<\/h2><h3 class=\"ekit-heading--subtitle elementskit-section-subtitle  \">\n\t\t\t\t\t\tAceptamos la mayor\u00eda de los planes de seguro dental. Si su compa\u00f1\u00eda de seguro dental no figura en la lista, ll\u00e1menos al consultorio que planea visitar.\n\t\t\t\t\t<\/h3><\/div><\/div>\t\t\t\t<\/div>\n\t\t\t\t<\/div>\n\t\t\t\t<section class=\"elementor-section elementor-inner-section elementor-element elementor-element-4cd1497 elementor-section-boxed elementor-section-height-default elementor-section-height-default elementor-invisible\" data-id=\"4cd1497\" data-element_type=\"section\" data-e-type=\"section\" data-settings=\"{&quot;animation&quot;:&quot;fadeInUp&quot;,&quot;animation_delay&quot;:800}\">\n\t\t\t\t\t\t<div class=\"elementor-container elementor-column-gap-default\">\n\t\t\t\t\t<div class=\"elementor-column elementor-col-33 elementor-inner-column elementor-element elementor-element-6a6f04d\" data-id=\"6a6f04d\" data-element_type=\"column\" data-e-type=\"column\">\n\t\t\t<div class=\"elementor-widget-wrap elementor-element-populated\">\n\t\t\t\t\t\t<div class=\"elementor-element elementor-element-2a5ed81 elementor-widget__width-inherit elementor-widget-mobile__width-inherit ekit-equal-height-disable elementor-widget elementor-widget-elementskit-icon-box\" data-id=\"2a5ed81\" data-element_type=\"widget\" data-e-type=\"widget\" data-widget_type=\"elementskit-icon-box.default\">\n\t\t\t\t<div class=\"elementor-widget-container\">\n\t\t\t\t\t<div class=\"ekit-wid-con\" >        <!-- link opening -->\n                <a href=\"#\" class=\"ekit_global_links\">\n                <!-- end link opening -->\n\n        <div class=\"elementskit-infobox text- text- icon-lef-right-aligin elementor-animation-   \">\n                            <div class=\"elementskit-box-header\">\n                <div class=\"elementskit-info-box-icon text-center\">\n                    <img decoding=\"async\" width=\"250\" height=\"100\" src=\"https:\/\/expert-orthodontist.com\/wp-content\/uploads\/2024\/10\/aetna.webp\" class=\"attachment- size-\" alt=\"aetna\" \/>                <\/div>\n          <\/div>\n                <div class=\"box-body\">\n                                            <\/div>\n        \n        \n                <\/div>\n                <\/a>\n        <\/div>\t\t\t\t<\/div>\n\t\t\t\t<\/div>\n\t\t\t\t\t<\/div>\n\t\t<\/div>\n\t\t\t\t<div class=\"elementor-column elementor-col-33 elementor-inner-column elementor-element elementor-element-073ed48\" data-id=\"073ed48\" data-element_type=\"column\" data-e-type=\"column\">\n\t\t\t<div class=\"elementor-widget-wrap elementor-element-populated\">\n\t\t\t\t\t\t<div class=\"elementor-element elementor-element-e693a79 ekit-equal-height-enable elementor-widget elementor-widget-elementskit-icon-box\" data-id=\"e693a79\" data-element_type=\"widget\" data-e-type=\"widget\" data-widget_type=\"elementskit-icon-box.default\">\n\t\t\t\t<div class=\"elementor-widget-container\">\n\t\t\t\t\t<div class=\"ekit-wid-con\" >        <!-- link opening -->\n                <a href=\"#\" class=\"ekit_global_links\">\n                <!-- end link opening -->\n\n        <div class=\"elementskit-infobox text-center text- icon-lef-right-aligin elementor-animation-   \">\n                            <div class=\"elementskit-box-header\">\n                <div class=\"elementskit-info-box-icon text-center\">\n                    <img decoding=\"async\" width=\"250\" height=\"100\" src=\"https:\/\/expert-orthodontist.com\/wp-content\/uploads\/2024\/10\/anthem-blue-cross.webp\" class=\"attachment- size-\" alt=\"Anthem Blue Cross\" \/>                <\/div>\n          <\/div>\n                <div class=\"box-body\">\n                                            <\/div>\n        \n        \n                <\/div>\n                <\/a>\n        <\/div>\t\t\t\t<\/div>\n\t\t\t\t<\/div>\n\t\t\t\t\t<\/div>\n\t\t<\/div>\n\t\t\t\t<div class=\"elementor-column elementor-col-33 elementor-inner-column elementor-element elementor-element-49eb1f5\" data-id=\"49eb1f5\" data-element_type=\"column\" data-e-type=\"column\">\n\t\t\t<div class=\"elementor-widget-wrap elementor-element-populated\">\n\t\t\t\t\t\t<div class=\"elementor-element elementor-element-e378e1c ekit-equal-height-disable elementor-widget elementor-widget-elementskit-icon-box\" data-id=\"e378e1c\" data-element_type=\"widget\" data-e-type=\"widget\" data-widget_type=\"elementskit-icon-box.default\">\n\t\t\t\t<div class=\"elementor-widget-container\">\n\t\t\t\t\t<div class=\"ekit-wid-con\" >        <!-- link opening -->\n                <a href=\"#\" class=\"ekit_global_links\">\n                <!-- end link opening -->\n\n        <div class=\"elementskit-infobox text- text- icon-lef-right-aligin elementor-animation-   \">\n                            <div class=\"elementskit-box-header\">\n                <div class=\"elementskit-info-box-icon text-center\">\n                    <img decoding=\"async\" width=\"300\" height=\"60\" src=\"https:\/\/expert-orthodontist.com\/wp-content\/uploads\/2024\/10\/Denti-Cal.webp\" class=\"attachment- size-\" alt=\"Medi-Cal Dental\" \/>                <\/div>\n          <\/div>\n                <div class=\"box-body\">\n                                            <\/div>\n        \n        \n                <\/div>\n                <\/a>\n        <\/div>\t\t\t\t<\/div>\n\t\t\t\t<\/div>\n\t\t\t\t\t<\/div>\n\t\t<\/div>\n\t\t\t\t\t<\/div>\n\t\t<\/section>\n\t\t\t\t<section class=\"elementor-section elementor-inner-section elementor-element elementor-element-7778c6e elementor-section-boxed elementor-section-height-default elementor-section-height-default elementor-invisible\" data-id=\"7778c6e\" data-element_type=\"section\" data-e-type=\"section\" data-settings=\"{&quot;animation&quot;:&quot;fadeInUp&quot;}\">\n\t\t\t\t\t\t<div class=\"elementor-container elementor-column-gap-default\">\n\t\t\t\t\t<div class=\"elementor-column elementor-col-33 elementor-inner-column elementor-element elementor-element-42d4daf\" data-id=\"42d4daf\" data-element_type=\"column\" data-e-type=\"column\">\n\t\t\t<div class=\"elementor-widget-wrap elementor-element-populated\">\n\t\t\t\t\t\t<div class=\"elementor-element elementor-element-9c64f35 ekit-equal-height-enable elementor-widget elementor-widget-elementskit-icon-box\" data-id=\"9c64f35\" data-element_type=\"widget\" data-e-type=\"widget\" data-widget_type=\"elementskit-icon-box.default\">\n\t\t\t\t<div class=\"elementor-widget-container\">\n\t\t\t\t\t<div class=\"ekit-wid-con\" >        <!-- link opening -->\n                <a href=\"#\" class=\"ekit_global_links\">\n                <!-- end link opening -->\n\n        <div class=\"elementskit-infobox text-center text- icon-lef-right-aligin elementor-animation-   \">\n                            <div class=\"elementskit-box-header\">\n                <div class=\"elementskit-info-box-icon text-center\">\n                    <img loading=\"lazy\" decoding=\"async\" width=\"250\" height=\"150\" src=\"https:\/\/expert-orthodontist.com\/wp-content\/uploads\/2024\/10\/unitedhealthcare.webp\" class=\"attachment- size-\" alt=\"United Healthcare\" \/>                <\/div>\n          <\/div>\n                <div class=\"box-body\">\n                                            <\/div>\n        \n        \n                <\/div>\n                <\/a>\n        <\/div>\t\t\t\t<\/div>\n\t\t\t\t<\/div>\n\t\t\t\t\t<\/div>\n\t\t<\/div>\n\t\t\t\t<div class=\"elementor-column elementor-col-33 elementor-inner-column elementor-element elementor-element-8335acb\" data-id=\"8335acb\" data-element_type=\"column\" data-e-type=\"column\">\n\t\t\t<div class=\"elementor-widget-wrap elementor-element-populated\">\n\t\t\t\t\t\t<div class=\"elementor-element elementor-element-0d72a22 ekit-equal-height-disable elementor-widget elementor-widget-elementskit-icon-box\" data-id=\"0d72a22\" data-element_type=\"widget\" data-e-type=\"widget\" data-widget_type=\"elementskit-icon-box.default\">\n\t\t\t\t<div class=\"elementor-widget-container\">\n\t\t\t\t\t<div class=\"ekit-wid-con\" >        <!-- link opening -->\n                <a href=\"#\" class=\"ekit_global_links\">\n                <!-- end link opening -->\n\n        <div class=\"elementskit-infobox text-center text- icon-lef-right-aligin elementor-animation-   \">\n                            <div class=\"elementskit-box-header\">\n                <div class=\"elementskit-info-box-icon text-center\">\n                    <img loading=\"lazy\" decoding=\"async\" width=\"250\" height=\"150\" src=\"https:\/\/expert-orthodontist.com\/wp-content\/uploads\/2024\/10\/cigna.webp\" class=\"attachment- size-\" alt=\"Cigna\" \/>                <\/div>\n          <\/div>\n                <div class=\"box-body\">\n                                            <\/div>\n        \n        \n                <\/div>\n                <\/a>\n        <\/div>\t\t\t\t<\/div>\n\t\t\t\t<\/div>\n\t\t\t\t\t<\/div>\n\t\t<\/div>\n\t\t\t\t<div class=\"elementor-column elementor-col-33 elementor-inner-column elementor-element elementor-element-90a1ea3\" data-id=\"90a1ea3\" data-element_type=\"column\" data-e-type=\"column\">\n\t\t\t<div class=\"elementor-widget-wrap elementor-element-populated\">\n\t\t\t\t\t\t<div class=\"elementor-element elementor-element-33499f5 elementor-widget-mobile__width-inherit ekit-equal-height-disable elementor-widget elementor-widget-elementskit-icon-box\" data-id=\"33499f5\" data-element_type=\"widget\" data-e-type=\"widget\" data-widget_type=\"elementskit-icon-box.default\">\n\t\t\t\t<div class=\"elementor-widget-container\">\n\t\t\t\t\t<div class=\"ekit-wid-con\" >        <!-- link opening -->\n                <a href=\"#\" class=\"ekit_global_links\">\n                <!-- end link opening -->\n\n        <div class=\"elementskit-infobox text-center text- icon-lef-right-aligin elementor-animation-   \">\n                            <div class=\"elementskit-box-header\">\n                <div class=\"elementskit-info-box-icon text-center\">\n                    <img loading=\"lazy\" decoding=\"async\" width=\"250\" height=\"150\" src=\"https:\/\/expert-orthodontist.com\/wp-content\/uploads\/2024\/10\/deltacare.webp\" class=\"attachment- size-\" alt=\"Delta Dental\" \/>                <\/div>\n          <\/div>\n                <div class=\"box-body\">\n                                            <\/div>\n        \n        \n                <\/div>\n                <\/a>\n        <\/div>\t\t\t\t<\/div>\n\t\t\t\t<\/div>\n\t\t\t\t\t<\/div>\n\t\t<\/div>\n\t\t\t\t\t<\/div>\n\t\t<\/section>\n\t\t\t\t\t<\/div>\n\t\t<\/div>\n\t\t\t\t\t<\/div>\n\t\t<\/section>\n\t\t\t\t<\/div>\n\t\t","protected":false},"excerpt":{"rendered":"<p>Planes de seguro aceptados Aceptamos la mayor\u00eda de los planes de seguro dental. Si su compa\u00f1\u00eda de seguro dental no figura en la lista, ll\u00e1menos al consultorio que planea visitar.<\/p>\n","protected":false},"author":2,"featured_media":0,"parent":0,"menu_order":0,"comment_status":"closed","ping_status":"closed","template":"template\/full-width-template.php","meta":{"nf_dc_page":"","om_disable_all_campaigns":false,"_monsterinsights_skip_tracking":false,"_monsterinsights_sitenote_active":false,"_monsterinsights_sitenote_note":"","_monsterinsights_sitenote_category":0,"postBodyCss":"","postBodyMargin":[],"postBodyPadding":[],"postBodyBackground":{"backgroundType":"classic","gradient":""},"footnotes":""},"class_list":["post-2943","page","type-page","status-publish","hentry"],"yoast_head":"<!-- This site is optimized with the Yoast SEO plugin v27.4 - https:\/\/yoast.com\/product\/yoast-seo-wordpress\/ -->\n<title>Opciones de pago - Expert Orthodontist<\/title>\n<meta name=\"description\" content=\"El tratamiento de ortodoncia es una inversi\u00f3n importante en su salud y apariencia, y creemos que todos merecen amar su sonrisa.\" \/>\n<meta name=\"robots\" content=\"index, follow, max-snippet:-1, max-image-preview:large, max-video-preview:-1\" \/>\n<link rel=\"canonical\" href=\"https:\/\/expert-orthodontist.com\/es\/formas-de-pago\/\" \/>\n<meta property=\"og:locale\" content=\"es_ES\" \/>\n<meta property=\"og:type\" content=\"article\" \/>\n<meta property=\"og:title\" content=\"Opciones de pago - Expert Orthodontist\" \/>\n<meta property=\"og:description\" content=\"El tratamiento de ortodoncia es una inversi\u00f3n importante en su salud y apariencia, y creemos que todos merecen amar su sonrisa.\" \/>\n<meta property=\"og:url\" content=\"https:\/\/expert-orthodontist.com\/es\/formas-de-pago\/\" \/>\n<meta property=\"og:site_name\" content=\"Expert Orthodontist\" \/>\n<meta property=\"article:publisher\" content=\"https:\/\/www.facebook.com\/alborziortho\/\" \/>\n<meta property=\"article:modified_time\" content=\"2025-03-13T21:17:27+00:00\" \/>\n<meta property=\"og:image\" content=\"https:\/\/expert-orthodontist.com\/wp-content\/uploads\/2024\/10\/aetna.webp\" \/>\n<meta name=\"twitter:card\" content=\"summary_large_image\" \/>\n<meta name=\"twitter:site\" content=\"@alborziortho\" \/>\n<meta name=\"twitter:label1\" content=\"Tiempo de lectura\" \/>\n\t<meta name=\"twitter:data1\" content=\"2 minutos\" \/>\n<script type=\"application\/ld+json\" class=\"yoast-schema-graph\">{\"@context\":\"https:\\\/\\\/schema.org\",\"@graph\":[{\"@type\":\"WebPage\",\"@id\":\"https:\\\/\\\/expert-orthodontist.com\\\/es\\\/formas-de-pago\\\/\",\"url\":\"https:\\\/\\\/expert-orthodontist.com\\\/es\\\/formas-de-pago\\\/\",\"name\":\"Opciones de pago - Expert Orthodontist\",\"isPartOf\":{\"@id\":\"https:\\\/\\\/ycy.nak.temporary.site\\\/#website\"},\"primaryImageOfPage\":{\"@id\":\"https:\\\/\\\/expert-orthodontist.com\\\/es\\\/formas-de-pago\\\/#primaryimage\"},\"image\":{\"@id\":\"https:\\\/\\\/expert-orthodontist.com\\\/es\\\/formas-de-pago\\\/#primaryimage\"},\"thumbnailUrl\":\"https:\\\/\\\/expert-orthodontist.com\\\/wp-content\\\/uploads\\\/2024\\\/10\\\/aetna.webp\",\"datePublished\":\"2024-10-11T23:10:53+00:00\",\"dateModified\":\"2025-03-13T21:17:27+00:00\",\"description\":\"El tratamiento de ortodoncia es una inversi\u00f3n importante en su salud y apariencia, y creemos que todos merecen amar su sonrisa.\",\"breadcrumb\":{\"@id\":\"https:\\\/\\\/expert-orthodontist.com\\\/es\\\/formas-de-pago\\\/#breadcrumb\"},\"inLanguage\":\"es\",\"potentialAction\":[{\"@type\":\"ReadAction\",\"target\":[\"https:\\\/\\\/expert-orthodontist.com\\\/es\\\/formas-de-pago\\\/\"]}]},{\"@type\":\"ImageObject\",\"inLanguage\":\"es\",\"@id\":\"https:\\\/\\\/expert-orthodontist.com\\\/es\\\/formas-de-pago\\\/#primaryimage\",\"url\":\"https:\\\/\\\/expert-orthodontist.com\\\/wp-content\\\/uploads\\\/2024\\\/10\\\/aetna.webp\",\"contentUrl\":\"https:\\\/\\\/expert-orthodontist.com\\\/wp-content\\\/uploads\\\/2024\\\/10\\\/aetna.webp\"},{\"@type\":\"BreadcrumbList\",\"@id\":\"https:\\\/\\\/expert-orthodontist.com\\\/es\\\/formas-de-pago\\\/#breadcrumb\",\"itemListElement\":[{\"@type\":\"ListItem\",\"position\":1,\"name\":\"Home\",\"item\":\"https:\\\/\\\/expert-orthodontist.com\\\/es\\\/inicio\\\/\"},{\"@type\":\"ListItem\",\"position\":2,\"name\":\"Opciones de pago\"}]},{\"@type\":\"WebSite\",\"@id\":\"https:\\\/\\\/ycy.nak.temporary.site\\\/#website\",\"url\":\"https:\\\/\\\/ycy.nak.temporary.site\\\/\",\"name\":\"Alborzi Orthodontics\",\"description\":\"Expert Orthodontist\",\"publisher\":{\"@id\":\"https:\\\/\\\/ycy.nak.temporary.site\\\/#organization\"},\"potentialAction\":[{\"@type\":\"SearchAction\",\"target\":{\"@type\":\"EntryPoint\",\"urlTemplate\":\"https:\\\/\\\/ycy.nak.temporary.site\\\/?s={search_term_string}\"},\"query-input\":{\"@type\":\"PropertyValueSpecification\",\"valueRequired\":true,\"valueName\":\"search_term_string\"}}],\"inLanguage\":\"es\"},{\"@type\":\"Organization\",\"@id\":\"https:\\\/\\\/ycy.nak.temporary.site\\\/#organization\",\"name\":\"Ortodoncia Alborzi\",\"url\":\"https:\\\/\\\/ycy.nak.temporary.site\\\/\",\"logo\":{\"@type\":\"ImageObject\",\"inLanguage\":\"es\",\"@id\":\"https:\\\/\\\/ycy.nak.temporary.site\\\/#\\\/schema\\\/logo\\\/image\\\/\",\"url\":\"https:\\\/\\\/expert-orthodontist.com\\\/wp-content\\\/uploads\\\/2024\\\/10\\\/alborzi-logo-full.png\",\"contentUrl\":\"https:\\\/\\\/expert-orthodontist.com\\\/wp-content\\\/uploads\\\/2024\\\/10\\\/alborzi-logo-full.png\",\"width\":908,\"height\":243,\"caption\":\"Ortodoncia Alborzi\"},\"image\":{\"@id\":\"https:\\\/\\\/ycy.nak.temporary.site\\\/#\\\/schema\\\/logo\\\/image\\\/\"},\"sameAs\":[\"https:\\\/\\\/www.facebook.com\\\/alborziortho\\\/\",\"https:\\\/\\\/x.com\\\/alborziortho\",\"https:\\\/\\\/www.instagram.com\\\/alborziortho\\\/?hl=en\",\"https:\\\/\\\/www.linkedin.com\\\/company\\\/alborziortho\\\/\"]}]}<\/script>\n<!-- \/ Yoast SEO plugin. -->","yoast_head_json":{"title":"Opciones de pago - Expert Orthodontist","description":"El tratamiento de ortodoncia es una inversi\u00f3n importante en su salud y apariencia, y creemos que todos merecen amar su sonrisa.","robots":{"index":"index","follow":"follow","max-snippet":"max-snippet:-1","max-image-preview":"max-image-preview:large","max-video-preview":"max-video-preview:-1"},"canonical":"https:\/\/expert-orthodontist.com\/es\/formas-de-pago\/","og_locale":"es_ES","og_type":"article","og_title":"Opciones de pago - Expert Orthodontist","og_description":"El tratamiento de ortodoncia es una inversi\u00f3n importante en su salud y apariencia, y creemos que todos merecen amar su sonrisa.","og_url":"https:\/\/expert-orthodontist.com\/es\/formas-de-pago\/","og_site_name":"Expert Orthodontist","article_publisher":"https:\/\/www.facebook.com\/alborziortho\/","article_modified_time":"2025-03-13T21:17:27+00:00","og_image":[{"url":"https:\/\/expert-orthodontist.com\/wp-content\/uploads\/2024\/10\/aetna.webp","type":"","width":"","height":""}],"twitter_card":"summary_large_image","twitter_site":"@alborziortho","twitter_misc":{"Tiempo de lectura":"2 minutos"},"schema":{"@context":"https:\/\/schema.org","@graph":[{"@type":"WebPage","@id":"https:\/\/expert-orthodontist.com\/es\/formas-de-pago\/","url":"https:\/\/expert-orthodontist.com\/es\/formas-de-pago\/","name":"Opciones de pago - Expert Orthodontist","isPartOf":{"@id":"https:\/\/ycy.nak.temporary.site\/#website"},"primaryImageOfPage":{"@id":"https:\/\/expert-orthodontist.com\/es\/formas-de-pago\/#primaryimage"},"image":{"@id":"https:\/\/expert-orthodontist.com\/es\/formas-de-pago\/#primaryimage"},"thumbnailUrl":"https:\/\/expert-orthodontist.com\/wp-content\/uploads\/2024\/10\/aetna.webp","datePublished":"2024-10-11T23:10:53+00:00","dateModified":"2025-03-13T21:17:27+00:00","description":"El tratamiento de ortodoncia es una inversi\u00f3n importante en su salud y apariencia, y creemos que todos merecen amar su sonrisa.","breadcrumb":{"@id":"https:\/\/expert-orthodontist.com\/es\/formas-de-pago\/#breadcrumb"},"inLanguage":"es","potentialAction":[{"@type":"ReadAction","target":["https:\/\/expert-orthodontist.com\/es\/formas-de-pago\/"]}]},{"@type":"ImageObject","inLanguage":"es","@id":"https:\/\/expert-orthodontist.com\/es\/formas-de-pago\/#primaryimage","url":"https:\/\/expert-orthodontist.com\/wp-content\/uploads\/2024\/10\/aetna.webp","contentUrl":"https:\/\/expert-orthodontist.com\/wp-content\/uploads\/2024\/10\/aetna.webp"},{"@type":"BreadcrumbList","@id":"https:\/\/expert-orthodontist.com\/es\/formas-de-pago\/#breadcrumb","itemListElement":[{"@type":"ListItem","position":1,"name":"Home","item":"https:\/\/expert-orthodontist.com\/es\/inicio\/"},{"@type":"ListItem","position":2,"name":"Opciones de pago"}]},{"@type":"WebSite","@id":"https:\/\/ycy.nak.temporary.site\/#website","url":"https:\/\/ycy.nak.temporary.site\/","name":"Alborzi Orthodontics","description":"Expert Orthodontist","publisher":{"@id":"https:\/\/ycy.nak.temporary.site\/#organization"},"potentialAction":[{"@type":"SearchAction","target":{"@type":"EntryPoint","urlTemplate":"https:\/\/ycy.nak.temporary.site\/?s={search_term_string}"},"query-input":{"@type":"PropertyValueSpecification","valueRequired":true,"valueName":"search_term_string"}}],"inLanguage":"es"},{"@type":"Organization","@id":"https:\/\/ycy.nak.temporary.site\/#organization","name":"Ortodoncia Alborzi","url":"https:\/\/ycy.nak.temporary.site\/","logo":{"@type":"ImageObject","inLanguage":"es","@id":"https:\/\/ycy.nak.temporary.site\/#\/schema\/logo\/image\/","url":"https:\/\/expert-orthodontist.com\/wp-content\/uploads\/2024\/10\/alborzi-logo-full.png","contentUrl":"https:\/\/expert-orthodontist.com\/wp-content\/uploads\/2024\/10\/alborzi-logo-full.png","width":908,"height":243,"caption":"Ortodoncia Alborzi"},"image":{"@id":"https:\/\/ycy.nak.temporary.site\/#\/schema\/logo\/image\/"},"sameAs":["https:\/\/www.facebook.com\/alborziortho\/","https:\/\/x.com\/alborziortho","https:\/\/www.instagram.com\/alborziortho\/?hl=en","https:\/\/www.linkedin.com\/company\/alborziortho\/"]}]}},"_links":{"self":[{"href":"https:\/\/expert-orthodontist.com\/es\/wp-json\/wp\/v2\/pages\/2943","targetHints":{"allow":["GET"]}}],"collection":[{"href":"https:\/\/expert-orthodontist.com\/es\/wp-json\/wp\/v2\/pages"}],"about":[{"href":"https:\/\/expert-orthodontist.com\/es\/wp-json\/wp\/v2\/types\/page"}],"author":[{"embeddable":true,"href":"https:\/\/expert-orthodontist.com\/es\/wp-json\/wp\/v2\/users\/2"}],"replies":[{"embeddable":true,"href":"https:\/\/expert-orthodontist.com\/es\/wp-json\/wp\/v2\/comments?post=2943"}],"version-history":[{"count":5,"href":"https:\/\/expert-orthodontist.com\/es\/wp-json\/wp\/v2\/pages\/2943\/revisions"}],"predecessor-version":[{"id":3123,"href":"https:\/\/expert-orthodontist.com\/es\/wp-json\/wp\/v2\/pages\/2943\/revisions\/3123"}],"wp:attachment":[{"href":"https:\/\/expert-orthodontist.com\/es\/wp-json\/wp\/v2\/media?parent=2943"}],"curies":[{"name":"wp","href":"https:\/\/api.w.org\/{rel}","templated":true}]}}